{"id":3,"date":"2021-01-15T16:45:47","date_gmt":"2021-01-15T16:45:47","guid":{"rendered":"https:\/\/staysharp.pt\/?page_id=3"},"modified":"2023-07-13T08:29:50","modified_gmt":"2023-07-13T08:29:50","slug":"privacy-policy","status":"publish","type":"page","link":"https:\/\/staysharp.pt\/en\/privacy-policy\/","title":{"rendered":"Privacy Policy"},"content":{"rendered":"<div data-elementor-type=\"wp-page\" data-elementor-id=\"3\" class=\"elementor elementor-3\" data-elementor-post-type=\"page\">\n\t\t\t\t<div class=\"elementor-element elementor-element-101d413 e-flex e-con-boxed e-con e-parent\" data-id=\"101d413\" data-element_type=\"container\" data-e-type=\"container\">\n\t\t\t\t\t<div class=\"e-con-inner\">\n\t\t\t\t<div class=\"elementor-element elementor-element-270a787 elementor-widget__width-inherit elementor-widget elementor-widget-text-editor\" data-id=\"270a787\" data-element_type=\"widget\" data-e-type=\"widget\" data-widget_type=\"text-editor.default\">\n\t\t\t\t<div class=\"elementor-widget-container\">\n\t\t\t\t\t\t\t\t\t<p class=\"p1\">A sua privacidade \u00e9 importante para n\u00f3s. \u00c9 pol\u00edtica do #StaySharp respeitar a sua privacidade em rela\u00e7\u00e3o a qualquer informa\u00e7\u00e3o sua que possamos recolher no site\u00a0<a href=\"https:\/\/staysharp.pt\/en\/\"><span class=\"s1\">#StaySharp<\/span><\/a>, e outros sites que possu\u00edmos e operamos.<\/p>\n<p class=\"p1\">Solicitamos informa\u00e7\u00f5es pessoais apenas quando realmente precisamos delas para lhe fornecer um servi\u00e7o. Fazemo-lo por meios justos e legais, com o seu conhecimento e consentimento. Tamb\u00e9m informamos por que estamos a recolher e como ser\u00e1 usado.<\/p>\n<p class=\"p1\">Apenas retemos as informa\u00e7\u00f5es coletadas pelo tempo necess\u00e1rio para fornecer o servi\u00e7o solicitado. Quando armazenamos dados, protegemos dentro de meios comercialmente aceit\u00e1veis para evitar perdas e roubos, bem como acesso, divulga\u00e7\u00e3o, c\u00f3pia, uso ou modifica\u00e7\u00e3o n\u00e3o autorizados.<\/p>\n<p class=\"p1\">N\u00e3o compartilhamos informa\u00e7\u00f5es de identifica\u00e7\u00e3o pessoal publicamente ou com terceiros, exceto quando exigido por lei.<\/p>\n<p class=\"p1\">O nosso site pode ter links para sites externos que n\u00e3o s\u00e3o operados por n\u00f3s. Esteja ciente de que n\u00e3o temos controle sobre o conte\u00fado e pr\u00e1ticas desses sites e n\u00e3o podemos aceitar responsabilidade por suas respetivas\u00a0<a href=\"https:\/\/politicaprivacidade.com\/\" target=\"_blank\" rel=\"noopener\"><span class=\"s1\">pol\u00edticas de privacidade<\/span><\/a>.<\/p>\n<p class=\"p1\">\u00c9 livre para recusar a nossa solicita\u00e7\u00e3o de informa\u00e7\u00f5es pessoais, entendendo que talvez n\u00e3o possamos fornecer alguns dos servi\u00e7os desejados.<\/p>\n<p class=\"p1\">O uso continuado do nosso site ser\u00e1 considerado aceita\u00e7\u00e3o das nossas pr\u00e1ticas em torno de privacidade e informa\u00e7\u00f5es pessoais. Se tiver alguma d\u00favida sobre como lidamos com dados do utilizador e informa\u00e7\u00f5es pessoais, entre em contacto connosco.<\/p>\n<p class=\"p1\"><\/p>\n<p class=\"p1\">Pol\u00edtica de Cookies #StaySharp<\/p>\n<p class=\"p1\">O que s\u00e3o cookies?<\/p>\n<p class=\"p1\">Como \u00e9 pr\u00e1tica comum em quase todos os sites profissionais, este site usa cookies, que s\u00e3o pequenos arquivos baixados no seu computador, para melhorar a sua experi\u00eancia. Esta p\u00e1gina descreve quais informa\u00e7\u00f5es eles recolhem, como as usamos e por que \u00e0s vezes precisamos armazenar esses cookies. Tamb\u00e9m compartilharemos como voc\u00ea pode impedir que esses cookies sejam armazenados, no entanto, isso pode fazer o downgrade ou &#8216;quebrar&#8217; certos elementos da funcionalidade do site.<\/p>\n<p class=\"p1\">Como usamos os cookies?<\/p>\n<p class=\"p1\">Utilizamos cookies por v\u00e1rios motivos, detalhados abaixo. Infelizmente, geralmente, n\u00e3o existem op\u00e7\u00f5es padr\u00e3o do setor para desativar os cookies sem desativar completamente a funcionalidade e os recursos que eles adicionam a este site. \u00c9 recomend\u00e1vel que deixe todos os cookies se n\u00e3o tiver certeza se precisa ou n\u00e3o deles, caso sejam usados para fornecer um servi\u00e7o que usa.<\/p>\n<p class=\"p1\">Desativar cookies<\/p>\n<p class=\"p1\">Pode impedir a configura\u00e7\u00e3o de cookies ajustando as configura\u00e7\u00f5es do seu navegador (consulte a Ajuda do navegador para saber como fazer isso). Esteja ciente de que a desativa\u00e7\u00e3o de cookies afetar\u00e1 a funcionalidade deste e de muitos outros sites que visita. A desativa\u00e7\u00e3o de cookies geralmente resultar\u00e1 na desativa\u00e7\u00e3o de determinadas funcionalidades e recursos deste site. Portanto, \u00e9 recomend\u00e1vel que n\u00e3o desative os cookies.<\/p>\n<p class=\"p1\">Cookies que definimos<\/p>\n<p class=\"p1\"><span style=\"font-family: 'Roboto Mono'; text-align: var(--text-align);\">Cookies relacionados \u00e0 conta<\/span><\/p>\n<p class=\"p1\"><span style=\"font-size: inherit; font-family: 'Roboto Mono'; text-align: var(--text-align);\">Se criar uma conta connosco, usaremos cookies para a gest\u00e3o do processo de inscri\u00e7\u00e3o e administra\u00e7\u00e3o geral. Esses cookies ser\u00e3o geralmente exclu\u00eddos quando voc\u00ea sair do sistema, por\u00e9m, em alguns casos, eles poder\u00e3o permanecer posteriormente para lembrar as prefer\u00eancias do seu site ao sair.<\/span><\/p>\n<p class=\"p1\"><span style=\"font-family: 'Roboto Mono'; text-align: var(--text-align);\">\u00a0<\/span><\/p>\n<p class=\"p1\"><span style=\"font-family: 'Roboto Mono'; text-align: var(--text-align);\">Cookies relacionados ao login<\/span><\/p>\n<p class=\"p1\"><span style=\"font-size: inherit; font-family: 'Roboto Mono'; text-align: var(--text-align);\">Utilizamos cookies quando est\u00e1 ligado, para podermos lembrar dessa a\u00e7\u00e3o. Isso evita que precise fazer login sempre que visitar uma nova p\u00e1gina. Esses cookies s\u00e3o normalmente removidos ou limpos quando efetua logout para garantir que possa ter acesso apenas a recursos e \u00e1reas restritas ao efetuar login.<\/span><\/p>\n<p class=\"p1\"><span style=\"font-family: 'Roboto Mono'; text-align: var(--text-align);\">\u00a0<\/span><\/p>\n<p class=\"p1\"><span style=\"font-family: 'Roboto Mono'; text-align: var(--text-align);\">Cookies relacionados a pesquisas<\/span><\/p>\n<p class=\"p1\"><span style=\"font-size: inherit; font-family: 'Roboto Mono'; text-align: var(--text-align);\">Periodicamente, oferecemos pesquisas e question\u00e1rios para fornecer informa\u00e7\u00f5es interessantes, ferramentas \u00fateis ou para entender a nossa base de utilizadores com mais precis\u00e3o. Essas pesquisas podem usar cookies para lembrar quem j\u00e1 participou numa pesquisa ou para fornecer resultados precisos ap\u00f3s a altera\u00e7\u00e3o das p\u00e1ginas.<\/span><\/p>\n<p class=\"p1\"><span style=\"font-family: 'Roboto Mono'; text-align: var(--text-align);\">\u00a0<\/span><\/p>\n<p class=\"p1\"><span style=\"font-family: 'Roboto Mono'; text-align: var(--text-align);\">Cookies relacionados a formul\u00e1rios<\/span><\/p>\n<p class=\"p1\"><span style=\"font-size: inherit; font-family: 'Roboto Mono'; text-align: var(--text-align);\">Quando envia dados por meio de um formul\u00e1rio como os encontrados nas p\u00e1ginas de contacto ou nos formul\u00e1rios de coment\u00e1rios, os cookies podem ser configurados para lembrar os detalhes do utilizador para correspond\u00eancia futura.<\/span><\/p>\n<p class=\"p1\"><span style=\"font-family: 'Roboto Mono'; text-align: var(--text-align);\">Cookies de prefer\u00eancias do site<\/span><\/p>\n<p class=\"p1\"><span style=\"font-size: inherit; font-family: 'Roboto Mono'; text-align: var(--text-align);\">Para proporcionar uma \u00f3tima experi\u00eancia neste site, fornecemos a funcionalidade para definir as suas prefer\u00eancias de como esse site \u00e9 executado quando voc\u00ea o usa. Para lembrar as suas prefer\u00eancias, precisamos definir cookies para que essas informa\u00e7\u00f5es possam ser chamadas sempre que voc\u00ea interagir com uma p\u00e1gina for afetada por suas prefer\u00eancias.<\/span><\/p>\n<p class=\"p1\">Cookies de Terceiros<\/p>\n<p class=\"p1\">Em alguns casos especiais, tamb\u00e9m usamos cookies fornecidos por terceiros confi\u00e1veis. A sec\u00e7\u00e3o a seguir detalha quais cookies de terceiros pode encontrar atrav\u00e9s deste site.<\/p>\n<p class=\"p1\"><span style=\"font-family: 'Roboto Mono'; text-align: var(--text-align);\">Este site usa o Google Analytics, que \u00e9 uma das solu\u00e7\u00f5es de an\u00e1lise mais difundidas e confi\u00e1veis da Web, para nos ajudar a entender como usa o site e como podemos melhorar a sua experi\u00eancia. Esses cookies podem rastrear itens como quanto tempo gasta no site e as p\u00e1ginas visitadas, para podermos continuar a produzir conte\u00fado atraente.<\/span><\/p>\n<p class=\"p1\">Para mais informa\u00e7\u00f5es sobre cookies do Google Analytics, consulte a p\u00e1gina oficial do Google Analytics.<\/p>\n<p class=\"p1\"><span style=\"font-family: 'Roboto Mono'; text-align: var(--text-align);\">As an\u00e1lises de terceiros s\u00e3o usadas para rastrear e medir o uso deste site, para podermos continuar a produzir conte\u00fado atrativo. Esses cookies podem rastrear itens como o tempo que passa no site ou as p\u00e1ginas visitadas, o que nos ajuda a entender como podemos melhorar o site para voc\u00ea.<\/span><\/p>\n<p class=\"p1\"><span style=\"font-family: 'Roboto Mono'; text-align: var(--text-align);\">Periodicamente, testamos novos recursos e fazemos altera\u00e7\u00f5es subtis na maneira como o site se apresenta. Quando ainda testamos novos recursos, esses cookies podem ser usados para garantir que receba uma experi\u00eancia consistente enquanto estiver no site, enquanto entendemos quais otimiza\u00e7\u00f5es os nossos usu\u00e1rios mais apreciam.<\/span><\/p>\n<ul class=\"ul1\"><\/ul>\n<p class=\"p1\">Mais informa\u00e7\u00f5es<\/p>\n<p class=\"p1\">Esperemos que esteja esclarecido e, como mencionado anteriormente, se houver algo que n\u00e3o tem certeza se precisa ou n\u00e3o,geralmente \u00e9 mais seguro deixar os cookies ativados, caso interaja com um dos recursos que usa no nosso site.<\/p>\n<p class=\"p1\">Esta pol\u00edtica \u00e9 efetiva a partir de\u00a0<b>January<\/b>\/<b>2021<\/b>.<\/p>\t\t\t\t\t\t\t\t<\/div>\n\t\t\t\t<\/div>\n\t\t\t\t\t<\/div>\n\t\t\t\t<\/div>\n\t\t\t\t<\/div>","protected":false},"excerpt":{"rendered":"<p>A sua privacidade \u00e9 importante para n\u00f3s. \u00c9 pol\u00edtica do #StaySharp respeitar a sua privacidade em rela\u00e7\u00e3o a qualquer informa\u00e7\u00e3o sua que possamos recolher no site\u00a0#StaySharp, e outros sites que possu\u00edmos e operamos. Solicitamos informa\u00e7\u00f5es pessoais apenas quando realmente precisamos delas para lhe fornecer um servi\u00e7o. Fazemo-lo por meios justos [&hellip;]<\/p>\n","protected":false},"author":1,"featured_media":0,"parent":0,"menu_order":0,"comment_status":"closed","ping_status":"open","template":"","meta":{"footnotes":""},"class_list":["post-3","page","type-page","status-publish","hentry"],"_links":{"self":[{"href":"https:\/\/staysharp.pt\/en\/wp-json\/wp\/v2\/pages\/3","targetHints":{"allow":["GET"]}}],"collection":[{"href":"https:\/\/staysharp.pt\/en\/wp-json\/wp\/v2\/pages"}],"about":[{"href":"https:\/\/staysharp.pt\/en\/wp-json\/wp\/v2\/types\/page"}],"author":[{"embeddable":true,"href":"https:\/\/staysharp.pt\/en\/wp-json\/wp\/v2\/users\/1"}],"replies":[{"embeddable":true,"href":"https:\/\/staysharp.pt\/en\/wp-json\/wp\/v2\/comments?post=3"}],"version-history":[{"count":8,"href":"https:\/\/staysharp.pt\/en\/wp-json\/wp\/v2\/pages\/3\/revisions"}],"predecessor-version":[{"id":882,"href":"https:\/\/staysharp.pt\/en\/wp-json\/wp\/v2\/pages\/3\/revisions\/882"}],"wp:attachment":[{"href":"https:\/\/staysharp.pt\/en\/wp-json\/wp\/v2\/media?parent=3"}],"curies":[{"name":"wp","href":"https:\/\/api.w.org\/{rel}","templated":true}]}}