{"id":2230,"date":"2025-12-05T18:14:16","date_gmt":"2025-12-05T18:14:16","guid":{"rendered":"https:\/\/staysharp.pt\/?page_id=2230"},"modified":"2025-12-11T11:15:09","modified_gmt":"2025-12-11T11:15:09","slug":"apr","status":"publish","type":"page","link":"https:\/\/staysharp.pt\/en\/apr\/","title":{"rendered":"APR"},"content":{"rendered":"<div data-elementor-type=\"wp-page\" data-elementor-id=\"2230\" class=\"elementor elementor-2230\" data-elementor-post-type=\"page\">\n\t\t\t\t<div class=\"elementor-element elementor-element-5a892f0b e-flex e-con-boxed e-con e-parent\" data-id=\"5a892f0b\" data-element_type=\"container\" data-e-type=\"container\" data-settings=\"{&quot;background_background&quot;:&quot;classic&quot;}\">\n\t\t\t\t\t<div class=\"e-con-inner\">\n\t\t\t\t<div class=\"elementor-element elementor-element-4fa62549 elementor-widget elementor-widget-heading\" data-id=\"4fa62549\" data-element_type=\"widget\" data-e-type=\"widget\" data-widget_type=\"heading.default\">\n\t\t\t\t<div class=\"elementor-widget-container\">\n\t\t\t\t\t<h1 class=\"elementor-heading-title elementor-size-default\">Associa\u00e7\u00e3o Portuguesa do Turismo Residencial e Resorts (APR)<\/h1>\t\t\t\t<\/div>\n\t\t\t\t<\/div>\n\t\t\t\t\t<\/div>\n\t\t\t\t<\/div>\n\t\t<div class=\"elementor-element elementor-element-1461bfaa e-flex e-con-boxed e-con e-parent\" data-id=\"1461bfaa\" data-element_type=\"container\" data-e-type=\"container\">\n\t\t\t\t\t<div class=\"e-con-inner\">\n\t\t<div class=\"elementor-element elementor-element-78e45efb e-con-full e-flex e-con e-child\" data-id=\"78e45efb\" data-element_type=\"container\" data-e-type=\"container\">\n\t\t\t\t<div class=\"elementor-element elementor-element-4617f9f6 elementor-widget elementor-widget-image\" data-id=\"4617f9f6\" data-element_type=\"widget\" data-e-type=\"widget\" data-widget_type=\"image.default\">\n\t\t\t\t<div class=\"elementor-widget-container\">\n\t\t\t\t\t\t\t\t\t\t\t\t\t\t\t<img fetchpriority=\"high\" decoding=\"async\" width=\"1600\" height=\"1066\" src=\"https:\/\/staysharp.pt\/wp-content\/uploads\/2025\/12\/WhatsApp-Image-2025-12-11-at-11.03.25.jpeg\" class=\"attachment-full size-full wp-image-2324\" alt=\"\" srcset=\"https:\/\/staysharp.pt\/wp-content\/uploads\/2025\/12\/WhatsApp-Image-2025-12-11-at-11.03.25.jpeg 1600w, https:\/\/staysharp.pt\/wp-content\/uploads\/2025\/12\/WhatsApp-Image-2025-12-11-at-11.03.25-1000x666.jpeg 1000w, https:\/\/staysharp.pt\/wp-content\/uploads\/2025\/12\/WhatsApp-Image-2025-12-11-at-11.03.25-768x512.jpeg 768w, https:\/\/staysharp.pt\/wp-content\/uploads\/2025\/12\/WhatsApp-Image-2025-12-11-at-11.03.25-1536x1023.jpeg 1536w, https:\/\/staysharp.pt\/wp-content\/uploads\/2025\/12\/WhatsApp-Image-2025-12-11-at-11.03.25-18x12.jpeg 18w, https:\/\/staysharp.pt\/wp-content\/uploads\/2025\/12\/WhatsApp-Image-2025-12-11-at-11.03.25-360x240.jpeg 360w\" sizes=\"(max-width: 1600px) 100vw, 1600px\" \/>\t\t\t\t\t\t\t\t\t\t\t\t\t\t\t<\/div>\n\t\t\t\t<\/div>\n\t\t\t\t<\/div>\n\t\t<div class=\"elementor-element elementor-element-40c36c91 e-con-full e-flex e-con e-child\" data-id=\"40c36c91\" data-element_type=\"container\" data-e-type=\"container\">\n\t\t\t\t<div class=\"elementor-element elementor-element-380009bd elementor-widget elementor-widget-text-editor\" data-id=\"380009bd\" data-element_type=\"widget\" data-e-type=\"widget\" data-widget_type=\"text-editor.default\">\n\t\t\t\t<div class=\"elementor-widget-container\">\n\t\t\t\t\t\t\t\t\t<p class=\"p1\"><strong>Media Relations<\/strong><\/p><p><strong>Corporate communication. Communication and messaging strategy. Opinion pieces and interviews.<\/strong><\/p><p>We support APR in positioning itself as an active voice in the public debate on the residential tourism and resort market. The strategy combines opinion pieces, interviews, and presence in leading media outlets, reinforcing the association\u2019s authority.<\/p>\t\t\t\t\t\t\t\t<\/div>\n\t\t\t\t<\/div>\n\t\t\t\t<\/div>\n\t\t\t\t\t<\/div>\n\t\t\t\t<\/div>\n\t\t<div class=\"elementor-element elementor-element-77cb05c4 e-flex e-con-boxed e-con e-parent\" data-id=\"77cb05c4\" data-element_type=\"container\" data-e-type=\"container\" data-settings=\"{&quot;background_background&quot;:&quot;classic&quot;}\">\n\t\t\t\t\t<div class=\"e-con-inner\">\n\t\t<div class=\"elementor-element elementor-element-21397d70 e-flex e-con-boxed e-con e-child\" data-id=\"21397d70\" data-element_type=\"container\" data-e-type=\"container\">\n\t\t\t\t\t<div class=\"e-con-inner\">\n\t\t\t\t<div class=\"elementor-element elementor-element-ca46ad5 elementor-widget elementor-widget-heading\" data-id=\"ca46ad5\" data-element_type=\"widget\" data-e-type=\"widget\" data-widget_type=\"heading.default\">\n\t\t\t\t<div class=\"elementor-widget-container\">\n\t\t\t\t\t<h2 class=\"elementor-heading-title elementor-size-default\">Publications<\/h2>\t\t\t\t<\/div>\n\t\t\t\t<\/div>\n\t\t\t\t\t<\/div>\n\t\t\t\t<\/div>\n\t\t\t\t<div class=\"elementor-element elementor-element-111947ec elementor-widget__width-inherit elementor-widget elementor-widget-image-carousel\" data-id=\"111947ec\" data-element_type=\"widget\" data-e-type=\"widget\" data-settings=\"{&quot;slides_to_show&quot;:&quot;6&quot;,&quot;slides_to_show_tablet&quot;:&quot;4&quot;,&quot;navigation&quot;:&quot;none&quot;,&quot;pause_on_hover&quot;:&quot;no&quot;,&quot;pause_on_interaction&quot;:&quot;no&quot;,&quot;image_spacing_custom&quot;:{&quot;unit&quot;:&quot;px&quot;,&quot;size&quot;:&quot;55&quot;,&quot;sizes&quot;:[]},&quot;slides_to_scroll_tablet&quot;:&quot;1&quot;,&quot;slides_to_show_mobile&quot;:&quot;2&quot;,&quot;autoplay&quot;:&quot;yes&quot;,&quot;autoplay_speed&quot;:5000,&quot;infinite&quot;:&quot;yes&quot;,&quot;speed&quot;:500,&quot;image_spacing_custom_tablet&quot;:{&quot;unit&quot;:&quot;px&quot;,&quot;size&quot;:&quot;&quot;,&quot;sizes&quot;:[]},&quot;image_spacing_custom_mobile&quot;:{&quot;unit&quot;:&quot;px&quot;,&quot;size&quot;:&quot;&quot;,&quot;sizes&quot;:[]}}\" data-widget_type=\"image-carousel.default\">\n\t\t\t\t<div class=\"elementor-widget-container\">\n\t\t\t\t\t\t\t<div class=\"elementor-image-carousel-wrapper swiper\" role=\"region\" aria-roledescription=\"carousel\" aria-label=\"Carrossel de imagens\" dir=\"ltr\">\n\t\t\t<div class=\"elementor-image-carousel swiper-wrapper\" aria-live=\"off\">\n\t\t\t\t\t\t\t\t<div class=\"swiper-slide\" role=\"group\" aria-roledescription=\"slide\" aria-label=\"1 of 6\"><figure class=\"swiper-slide-inner\"><img decoding=\"async\" class=\"swiper-slide-image\" src=\"https:\/\/staysharp.pt\/wp-content\/uploads\/2025\/12\/APR7.png\" alt=\"APR7\" \/><\/figure><\/div><div class=\"swiper-slide\" role=\"group\" aria-roledescription=\"slide\" aria-label=\"2 of 6\"><figure class=\"swiper-slide-inner\"><img decoding=\"async\" class=\"swiper-slide-image\" src=\"https:\/\/staysharp.pt\/wp-content\/uploads\/2025\/12\/APR1.png\" alt=\"APR1\" \/><\/figure><\/div><div class=\"swiper-slide\" role=\"group\" aria-roledescription=\"slide\" aria-label=\"3 of 6\"><figure class=\"swiper-slide-inner\"><img decoding=\"async\" class=\"swiper-slide-image\" src=\"https:\/\/staysharp.pt\/wp-content\/uploads\/2025\/12\/APR2.png\" alt=\"APR2\" \/><\/figure><\/div><div class=\"swiper-slide\" role=\"group\" aria-roledescription=\"slide\" aria-label=\"4 of 6\"><figure class=\"swiper-slide-inner\"><img decoding=\"async\" class=\"swiper-slide-image\" src=\"https:\/\/staysharp.pt\/wp-content\/uploads\/2025\/12\/APR4.png\" alt=\"APR4\" \/><\/figure><\/div><div class=\"swiper-slide\" role=\"group\" aria-roledescription=\"slide\" aria-label=\"5 of 6\"><figure class=\"swiper-slide-inner\"><img decoding=\"async\" class=\"swiper-slide-image\" src=\"https:\/\/staysharp.pt\/wp-content\/uploads\/2025\/12\/APR5.png\" alt=\"APR5\" \/><\/figure><\/div><div class=\"swiper-slide\" role=\"group\" aria-roledescription=\"slide\" aria-label=\"6 of 6\"><figure class=\"swiper-slide-inner\"><img decoding=\"async\" class=\"swiper-slide-image\" src=\"https:\/\/staysharp.pt\/wp-content\/uploads\/2025\/12\/APR6.png\" alt=\"APR6\" \/><\/figure><\/div>\t\t\t<\/div>\n\t\t\t\t\t\t\t\n\t\t\t\t\t\t\t\t\t<\/div>\n\t\t\t\t\t\t<\/div>\n\t\t\t\t<\/div>\n\t\t\t\t\t<\/div>\n\t\t\t\t<\/div>\n\t\t<div class=\"elementor-element elementor-element-3cc13ee e-flex e-con-boxed e-con e-parent\" data-id=\"3cc13ee\" data-element_type=\"container\" data-e-type=\"container\">\n\t\t\t\t\t<div class=\"e-con-inner\">\n\t\t\t\t<div class=\"elementor-element elementor-element-a2a5c7c elementor-widget elementor-widget-spacer\" data-id=\"a2a5c7c\" data-element_type=\"widget\" data-e-type=\"widget\" data-widget_type=\"spacer.default\">\n\t\t\t\t<div class=\"elementor-widget-container\">\n\t\t\t\t\t\t\t<div class=\"elementor-spacer\">\n\t\t\t<div class=\"elementor-spacer-inner\"><\/div>\n\t\t<\/div>\n\t\t\t\t\t\t<\/div>\n\t\t\t\t<\/div>\n\t\t\t\t\t<\/div>\n\t\t\t\t<\/div>\n\t\t\t\t<\/div>","protected":false},"excerpt":{"rendered":"<p>Associa\u00e7\u00e3o Portuguesa do Turismo Residencial e Resorts (APR) Media Relations Comunica\u00e7\u00e3o corporativa. Estrat\u00e9gia de comunica\u00e7\u00e3o e mensagens. Artigos de Opini\u00e3o e entrevistas. Apoiamos a APR a posicionar-se como voz ativa no debate p\u00fablico sobre o mercado do Turismo Residencial e Resorts. A estrat\u00e9gia combina opini\u00e3o, entrevistas e presen\u00e7a em media [&hellip;]<\/p>\n","protected":false},"author":1,"featured_media":0,"parent":0,"menu_order":0,"comment_status":"closed","ping_status":"closed","template":"page-templates\/template-pagebuilder-full-width.php","meta":{"footnotes":""},"class_list":["post-2230","page","type-page","status-publish","hentry"],"_links":{"self":[{"href":"https:\/\/staysharp.pt\/en\/wp-json\/wp\/v2\/pages\/2230","targetHints":{"allow":["GET"]}}],"collection":[{"href":"https:\/\/staysharp.pt\/en\/wp-json\/wp\/v2\/pages"}],"about":[{"href":"https:\/\/staysharp.pt\/en\/wp-json\/wp\/v2\/types\/page"}],"author":[{"embeddable":true,"href":"https:\/\/staysharp.pt\/en\/wp-json\/wp\/v2\/users\/1"}],"replies":[{"embeddable":true,"href":"https:\/\/staysharp.pt\/en\/wp-json\/wp\/v2\/comments?post=2230"}],"version-history":[{"count":7,"href":"https:\/\/staysharp.pt\/en\/wp-json\/wp\/v2\/pages\/2230\/revisions"}],"predecessor-version":[{"id":2327,"href":"https:\/\/staysharp.pt\/en\/wp-json\/wp\/v2\/pages\/2230\/revisions\/2327"}],"wp:attachment":[{"href":"https:\/\/staysharp.pt\/en\/wp-json\/wp\/v2\/media?parent=2230"}],"curies":[{"name":"wp","href":"https:\/\/api.w.org\/{rel}","templated":true}]}}