{"id":2023,"date":"2025-12-05T09:22:31","date_gmt":"2025-12-05T09:22:31","guid":{"rendered":"https:\/\/staysharp.pt\/?page_id=2023"},"modified":"2025-12-11T11:01:53","modified_gmt":"2025-12-11T11:01:53","slug":"harley-davidson","status":"publish","type":"page","link":"https:\/\/staysharp.pt\/en\/harley-davidson\/","title":{"rendered":"Harley-Davidson"},"content":{"rendered":"<div data-elementor-type=\"wp-page\" data-elementor-id=\"2023\" class=\"elementor elementor-2023\" data-elementor-post-type=\"page\">\n\t\t\t\t<div class=\"elementor-element elementor-element-5a892f0b e-flex e-con-boxed e-con e-parent\" data-id=\"5a892f0b\" data-element_type=\"container\" data-e-type=\"container\" data-settings=\"{&quot;background_background&quot;:&quot;classic&quot;}\">\n\t\t\t\t\t<div class=\"e-con-inner\">\n\t\t\t\t<div class=\"elementor-element elementor-element-4fa62549 elementor-widget elementor-widget-heading\" data-id=\"4fa62549\" data-element_type=\"widget\" data-e-type=\"widget\" data-widget_type=\"heading.default\">\n\t\t\t\t<div class=\"elementor-widget-container\">\n\t\t\t\t\t<h1 class=\"elementor-heading-title elementor-size-default\">Harley-Davidson<\/h1>\t\t\t\t<\/div>\n\t\t\t\t<\/div>\n\t\t\t\t\t<\/div>\n\t\t\t\t<\/div>\n\t\t<div class=\"elementor-element elementor-element-1461bfaa e-flex e-con-boxed e-con e-parent\" data-id=\"1461bfaa\" data-element_type=\"container\" data-e-type=\"container\">\n\t\t\t\t\t<div class=\"e-con-inner\">\n\t\t<div class=\"elementor-element elementor-element-78e45efb e-con-full e-flex e-con e-child\" data-id=\"78e45efb\" data-element_type=\"container\" data-e-type=\"container\">\n\t\t\t\t<div class=\"elementor-element elementor-element-4617f9f6 elementor-widget elementor-widget-image\" data-id=\"4617f9f6\" data-element_type=\"widget\" data-e-type=\"widget\" data-widget_type=\"image.default\">\n\t\t\t\t<div class=\"elementor-widget-container\">\n\t\t\t\t\t\t\t\t\t\t\t\t\t\t\t<img fetchpriority=\"high\" decoding=\"async\" width=\"670\" height=\"504\" src=\"https:\/\/staysharp.pt\/wp-content\/uploads\/2025\/12\/Captura-de-ecra-2025-12-04-as-17.53.25.png\" class=\"attachment-large size-large wp-image-2086\" alt=\"\" srcset=\"https:\/\/staysharp.pt\/wp-content\/uploads\/2025\/12\/Captura-de-ecra-2025-12-04-as-17.53.25.png 670w, https:\/\/staysharp.pt\/wp-content\/uploads\/2025\/12\/Captura-de-ecra-2025-12-04-as-17.53.25-16x12.png 16w\" sizes=\"(max-width: 670px) 100vw, 670px\" \/>\t\t\t\t\t\t\t\t\t\t\t\t\t\t\t<\/div>\n\t\t\t\t<\/div>\n\t\t\t\t<\/div>\n\t\t<div class=\"elementor-element elementor-element-40c36c91 e-con-full e-flex e-con e-child\" data-id=\"40c36c91\" data-element_type=\"container\" data-e-type=\"container\">\n\t\t\t\t<div class=\"elementor-element elementor-element-380009bd elementor-widget elementor-widget-text-editor\" data-id=\"380009bd\" data-element_type=\"widget\" data-e-type=\"widget\" data-widget_type=\"text-editor.default\">\n\t\t\t\t<div class=\"elementor-widget-container\">\n\t\t\t\t\t\t\t\t\t<p><strong>Media Relations<\/strong><\/p><p>Communication strategy, interview management, press trips and test ride scheduling.<\/p><p>We support Harley-Davidson in creating a communication strategy. We manage interviews, press trips, and test rides that allow journalists and influencers to experience Harley, turning every kilometer into a narrative.<\/p>\t\t\t\t\t\t\t\t<\/div>\n\t\t\t\t<\/div>\n\t\t\t\t<\/div>\n\t\t\t\t\t<\/div>\n\t\t\t\t<\/div>\n\t\t<div class=\"elementor-element elementor-element-7bb3af66 e-flex e-con-boxed e-con e-parent\" data-id=\"7bb3af66\" data-element_type=\"container\" data-e-type=\"container\" data-settings=\"{&quot;background_background&quot;:&quot;classic&quot;}\">\n\t\t\t\t\t<div class=\"e-con-inner\">\n\t\t<div class=\"elementor-element elementor-element-113e43b5 e-flex e-con-boxed e-con e-child\" data-id=\"113e43b5\" data-element_type=\"container\" data-e-type=\"container\">\n\t\t\t\t\t<div class=\"e-con-inner\">\n\t\t\t\t<div class=\"elementor-element elementor-element-6f632b17 elementor-widget elementor-widget-heading\" data-id=\"6f632b17\" data-element_type=\"widget\" data-e-type=\"widget\" data-widget_type=\"heading.default\">\n\t\t\t\t<div class=\"elementor-widget-container\">\n\t\t\t\t\t<h2 class=\"elementor-heading-title elementor-size-default\">Publications<\/h2>\t\t\t\t<\/div>\n\t\t\t\t<\/div>\n\t\t\t\t\t<\/div>\n\t\t\t\t<\/div>\n\t\t\t\t<div class=\"elementor-element elementor-element-68569291 elementor-widget__width-inherit elementor-widget elementor-widget-image-carousel\" data-id=\"68569291\" data-element_type=\"widget\" data-e-type=\"widget\" data-settings=\"{&quot;slides_to_show&quot;:&quot;5&quot;,&quot;slides_to_show_tablet&quot;:&quot;4&quot;,&quot;navigation&quot;:&quot;none&quot;,&quot;pause_on_hover&quot;:&quot;no&quot;,&quot;pause_on_interaction&quot;:&quot;no&quot;,&quot;image_spacing_custom&quot;:{&quot;unit&quot;:&quot;px&quot;,&quot;size&quot;:&quot;55&quot;,&quot;sizes&quot;:[]},&quot;slides_to_scroll_tablet&quot;:&quot;1&quot;,&quot;slides_to_show_mobile&quot;:&quot;2&quot;,&quot;autoplay&quot;:&quot;yes&quot;,&quot;autoplay_speed&quot;:5000,&quot;infinite&quot;:&quot;yes&quot;,&quot;speed&quot;:500,&quot;image_spacing_custom_tablet&quot;:{&quot;unit&quot;:&quot;px&quot;,&quot;size&quot;:&quot;&quot;,&quot;sizes&quot;:[]},&quot;image_spacing_custom_mobile&quot;:{&quot;unit&quot;:&quot;px&quot;,&quot;size&quot;:&quot;&quot;,&quot;sizes&quot;:[]}}\" data-widget_type=\"image-carousel.default\">\n\t\t\t\t<div class=\"elementor-widget-container\">\n\t\t\t\t\t\t\t<div class=\"elementor-image-carousel-wrapper swiper\" role=\"region\" aria-roledescription=\"carousel\" aria-label=\"Carrossel de imagens\" dir=\"ltr\">\n\t\t\t<div class=\"elementor-image-carousel swiper-wrapper\" aria-live=\"off\">\n\t\t\t\t\t\t\t\t<div class=\"swiper-slide\" role=\"group\" aria-roledescription=\"slide\" aria-label=\"1 of 5\"><figure class=\"swiper-slide-inner\"><img decoding=\"async\" class=\"swiper-slide-image\" src=\"https:\/\/staysharp.pt\/wp-content\/uploads\/2025\/12\/Captura-de-ecra-2025-12-04-as-17.50.16-1.png\" alt=\"Captura de ecra\u0303 2025-12-04, a\u0300s 17.50.16\" \/><\/figure><\/div><div class=\"swiper-slide\" role=\"group\" aria-roledescription=\"slide\" aria-label=\"2 of 5\"><figure class=\"swiper-slide-inner\"><img decoding=\"async\" class=\"swiper-slide-image\" src=\"https:\/\/staysharp.pt\/wp-content\/uploads\/2025\/12\/Captura-de-ecra-2025-12-04-as-17.50.28.png\" alt=\"Captura de ecra\u0303 2025-12-04, a\u0300s 17.50.28\" \/><\/figure><\/div><div class=\"swiper-slide\" role=\"group\" aria-roledescription=\"slide\" aria-label=\"3 of 5\"><figure class=\"swiper-slide-inner\"><img decoding=\"async\" class=\"swiper-slide-image\" src=\"https:\/\/staysharp.pt\/wp-content\/uploads\/2025\/12\/Captura-de-ecra-2025-12-04-as-17.50.44.png\" alt=\"Captura de ecra\u0303 2025-12-04, a\u0300s 17.50.44\" \/><\/figure><\/div><div class=\"swiper-slide\" role=\"group\" aria-roledescription=\"slide\" aria-label=\"4 of 5\"><figure class=\"swiper-slide-inner\"><img decoding=\"async\" class=\"swiper-slide-image\" src=\"https:\/\/staysharp.pt\/wp-content\/uploads\/2025\/12\/Captura-de-ecra-2025-12-04-as-17.50.58.png\" alt=\"Captura de ecra\u0303 2025-12-04, a\u0300s 17.50.58\" \/><\/figure><\/div><div class=\"swiper-slide\" role=\"group\" aria-roledescription=\"slide\" aria-label=\"5 of 5\"><figure class=\"swiper-slide-inner\"><img decoding=\"async\" class=\"swiper-slide-image\" src=\"https:\/\/staysharp.pt\/wp-content\/uploads\/2025\/12\/Captura-de-ecra-2025-12-04-as-17.51.17.png\" alt=\"Captura de ecra\u0303 2025-12-04, a\u0300s 17.51.17\" \/><\/figure><\/div>\t\t\t<\/div>\n\t\t\t\t\t\t\t\n\t\t\t\t\t\t\t\t\t<\/div>\n\t\t\t\t\t\t<\/div>\n\t\t\t\t<\/div>\n\t\t\t\t\t<\/div>\n\t\t\t\t<\/div>\n\t\t<div class=\"elementor-element elementor-element-3cc13ee e-flex e-con-boxed e-con e-parent\" data-id=\"3cc13ee\" data-element_type=\"container\" data-e-type=\"container\">\n\t\t\t\t\t<div class=\"e-con-inner\">\n\t\t\t\t<div class=\"elementor-element elementor-element-a2a5c7c elementor-widget elementor-widget-spacer\" data-id=\"a2a5c7c\" data-element_type=\"widget\" data-e-type=\"widget\" data-widget_type=\"spacer.default\">\n\t\t\t\t<div class=\"elementor-widget-container\">\n\t\t\t\t\t\t\t<div class=\"elementor-spacer\">\n\t\t\t<div class=\"elementor-spacer-inner\"><\/div>\n\t\t<\/div>\n\t\t\t\t\t\t<\/div>\n\t\t\t\t<\/div>\n\t\t\t\t\t<\/div>\n\t\t\t\t<\/div>\n\t\t\t\t<\/div>","protected":false},"excerpt":{"rendered":"<p>Harley-Davidson Media Relations Estrat\u00e9gia de comunica\u00e7\u00e3o, gest\u00e3o de entrevistas, press trips e agendamento de test rides. Apoiamos a Harley-Davidson na cria\u00e7\u00e3o de uma estrat\u00e9gia de comunica\u00e7\u00e3o. Gerimos entrevistas, press trips e test rides que levam jornalistas e influenciadores a viver a experi\u00eancia Harley, transformando cada quil\u00f3metro em narrativa. Publica\u00e7\u00f5es<\/p>","protected":false},"author":1,"featured_media":0,"parent":0,"menu_order":0,"comment_status":"closed","ping_status":"closed","template":"page-templates\/template-pagebuilder-full-width.php","meta":{"footnotes":""},"class_list":["post-2023","page","type-page","status-publish","hentry"],"_links":{"self":[{"href":"https:\/\/staysharp.pt\/en\/wp-json\/wp\/v2\/pages\/2023","targetHints":{"allow":["GET"]}}],"collection":[{"href":"https:\/\/staysharp.pt\/en\/wp-json\/wp\/v2\/pages"}],"about":[{"href":"https:\/\/staysharp.pt\/en\/wp-json\/wp\/v2\/types\/page"}],"author":[{"embeddable":true,"href":"https:\/\/staysharp.pt\/en\/wp-json\/wp\/v2\/users\/1"}],"replies":[{"embeddable":true,"href":"https:\/\/staysharp.pt\/en\/wp-json\/wp\/v2\/comments?post=2023"}],"version-history":[{"count":11,"href":"https:\/\/staysharp.pt\/en\/wp-json\/wp\/v2\/pages\/2023\/revisions"}],"predecessor-version":[{"id":2323,"href":"https:\/\/staysharp.pt\/en\/wp-json\/wp\/v2\/pages\/2023\/revisions\/2323"}],"wp:attachment":[{"href":"https:\/\/staysharp.pt\/en\/wp-json\/wp\/v2\/media?parent=2023"}],"curies":[{"name":"wp","href":"https:\/\/api.w.org\/{rel}","templated":true}]}}